{"id":129,"date":"2023-12-26T20:12:06","date_gmt":"2023-12-26T20:12:06","guid":{"rendered":"https:\/\/niteistanbul.com\/?page_id=129"},"modified":"2024-02-02T12:04:11","modified_gmt":"2024-02-02T12:04:11","slug":"hakkimizda","status":"publish","type":"page","link":"https:\/\/niteistanbul.com\/tr\/hakkimizda\/","title":{"rendered":"Hakk\u0131m\u0131zda"},"content":{"rendered":"\t\t<div data-elementor-type=\"wp-page\" data-elementor-id=\"129\" class=\"elementor elementor-129\" data-elementor-post-type=\"page\">\n\t\t\t\t<div class=\"elementor-element elementor-element-71bd2b4 e-con-full e-flex e-con e-parent\" data-id=\"71bd2b4\" data-element_type=\"container\">\n\t\t<div class=\"elementor-element elementor-element-6b8bd8c e-con-full e-flex e-con e-child\" data-id=\"6b8bd8c\" data-element_type=\"container\">\n\t\t\t\t<div class=\"elementor-element elementor-element-b464d24 elementor-widget elementor-widget-image\" data-id=\"b464d24\" data-element_type=\"widget\" data-widget_type=\"image.default\">\n\t\t\t\t<div class=\"elementor-widget-container\">\n\t\t\t\t\t\t\t\t\t\t\t\t\t<img fetchpriority=\"high\" decoding=\"async\" width=\"600\" height=\"900\" src=\"https:\/\/niteistanbul.com\/wp-content\/uploads\/2024\/02\/nite_about.jpg\" class=\"attachment-full size-full wp-image-337\" alt=\"\" srcset=\"https:\/\/niteistanbul.com\/wp-content\/uploads\/2024\/02\/nite_about.jpg 600w, https:\/\/niteistanbul.com\/wp-content\/uploads\/2024\/02\/nite_about-200x300.jpg 200w\" sizes=\"(max-width: 600px) 100vw, 600px\" \/>\t\t\t\t\t\t\t\t\t\t\t\t\t<\/div>\n\t\t\t\t<\/div>\n\t\t\t\t<\/div>\n\t\t<div class=\"elementor-element elementor-element-bc12ba5 e-con-full e-flex e-con e-child\" data-id=\"bc12ba5\" data-element_type=\"container\">\n\t\t\t\t<div class=\"elementor-element elementor-element-fbb1d55 elementor-widget elementor-widget-heading\" data-id=\"fbb1d55\" data-element_type=\"widget\" data-widget_type=\"heading.default\">\n\t\t\t\t<div class=\"elementor-widget-container\">\n\t\t\t<h1 class=\"elementor-heading-title elementor-size-default\">Nite \u0130stanbul<\/h1>\t\t<\/div>\n\t\t\t\t<\/div>\n\t\t\t\t<div class=\"elementor-element elementor-element-ac54c7d elementor-widget elementor-widget-text-editor\" data-id=\"ac54c7d\" data-element_type=\"widget\" data-widget_type=\"text-editor.default\">\n\t\t\t\t<div class=\"elementor-widget-container\">\n\t\t\t\t\t\t\t<h6><b>GECEN\u0130N LEZZET\u0130 \/ TEST OF NITE \u2026<\/b><\/h6>\n\u0130stanbul Bo\u011faz\u0131n\u0131n ihti\u015fam\u0131nda muhte\u015fem bir lezzet \u0131\u015f\u0131lt\u0131s\u0131\u2026 NITE\n\nPanaromik bo\u011faz manzaras\u0131 ile g\u00f6ze hitap ederken t\u00fcm bu g\u00fczelliklerden s\u0131yr\u0131lmay\u0131 ba\u015faran d\u00fcnya mutfa\u011f\u0131 lezzetleri ve geni\u015f bar se\u00e7enekleri ile Nite \u0130stanbul; keyifli bir yemekten beklenen t\u00fcm detaylar\u0131 i\u00e7erisinde bar\u0131nd\u0131r\u0131yor.\n\n<span style=\"color: var( --e-global-color-secondary ); font-size: 1rem;\">Hem i\u015f yemekleri hem \u015f\u0131k bir Date Night hem de uzun sohbetler bar\u0131nd\u0131ran e\u011flenceli dost masalar\u0131na ait t\u00fcm beklentileri kar\u015f\u0131layabilmek \u00fczerine tasarlanm\u0131\u015f restoran ,servis kalitesiyle de t\u00fcm tebrikleri hak ediyor.<\/span>\t\t\t\t\t\t<\/div>\n\t\t\t\t<\/div>\n\t\t\t\t<\/div>\n\t\t\t\t<\/div>\n\t\t\t\t<\/div>\n\t\t","protected":false},"excerpt":{"rendered":"<p>Nite \u0130stanbul GECEN\u0130N LEZZET\u0130 \/ TEST OF NITE \u2026 \u0130stanbul Bo\u011faz\u0131n\u0131n ihti\u015fam\u0131nda muhte\u015fem bir lezzet \u0131\u015f\u0131lt\u0131s\u0131\u2026 NITE Panaromik bo\u011faz manzaras\u0131 ile g\u00f6ze hitap ederken t\u00fcm bu g\u00fczelliklerden s\u0131yr\u0131lmay\u0131 ba\u015faran d\u00fcnya mutfa\u011f\u0131 lezzetleri ve geni\u015f bar se\u00e7enekleri ile Nite \u0130stanbul; keyifli bir yemekten beklenen t\u00fcm detaylar\u0131 i\u00e7erisinde bar\u0131nd\u0131r\u0131yor. Hem i\u015f yemekleri hem \u015f\u0131k bir Date Night [&hellip;]<\/p>\n","protected":false},"author":1,"featured_media":0,"parent":0,"menu_order":0,"comment_status":"closed","ping_status":"closed","template":"","meta":{"_acf_changed":false,"rank_math_lock_modified_date":false,"footnotes":""},"class_list":["post-129","page","type-page","status-publish","hentry"],"acf":[],"_links":{"self":[{"href":"https:\/\/niteistanbul.com\/tr\/wp-json\/wp\/v2\/pages\/129","targetHints":{"allow":["GET"]}}],"collection":[{"href":"https:\/\/niteistanbul.com\/tr\/wp-json\/wp\/v2\/pages"}],"about":[{"href":"https:\/\/niteistanbul.com\/tr\/wp-json\/wp\/v2\/types\/page"}],"author":[{"embeddable":true,"href":"https:\/\/niteistanbul.com\/tr\/wp-json\/wp\/v2\/users\/1"}],"replies":[{"embeddable":true,"href":"https:\/\/niteistanbul.com\/tr\/wp-json\/wp\/v2\/comments?post=129"}],"version-history":[{"count":46,"href":"https:\/\/niteistanbul.com\/tr\/wp-json\/wp\/v2\/pages\/129\/revisions"}],"predecessor-version":[{"id":340,"href":"https:\/\/niteistanbul.com\/tr\/wp-json\/wp\/v2\/pages\/129\/revisions\/340"}],"wp:attachment":[{"href":"https:\/\/niteistanbul.com\/tr\/wp-json\/wp\/v2\/media?parent=129"}],"curies":[{"name":"wp","href":"https:\/\/api.w.org\/{rel}","templated":true}]}}